{"id":1606,"date":"2025-07-03T10:05:29","date_gmt":"2025-07-03T10:05:29","guid":{"rendered":"https:\/\/demo.gestramites.com\/?page_id=1606"},"modified":"2025-07-03T10:05:29","modified_gmt":"2025-07-03T10:05:29","slug":"condiciones-de-uso","status":"publish","type":"page","link":"https:\/\/demo.gestramites.com\/en\/condiciones-de-uso\/","title":{"rendered":"Conditions of Use"},"content":{"rendered":"<p>Informative nature: The contents do not substitute individual legal advice.<\/p>\n<p>Blog participation: Comments are allowed, moderated according to legal regulations.<\/p>\n<p>Intellectual property: Protected content. Reproduction is prohibited without consent.<\/p>\n<p>Languages: The site may be available in several languages. In case of conflict, Spanish prevails.<\/p>\n<p>Online contracting: If services are offered online, the Consumer Protection Act will be complied with.<\/p>\n<p>Periodic updates: Texts are reviewed to comply with the GDPR and LOPDGDD.<\/p>","protected":false},"excerpt":{"rendered":"<p>Car\u00e1cter informativo: Los contenidos no sustituyen asesoramiento jur\u00eddico individual. Participaci\u00f3n en blog: Comentarios permitidos, moderados seg\u00fan normas legales. Propiedad intelectual: Contenido protegido. No se autoriza su reproducci\u00f3n sin consentimiento. Idiomas: El sitio puede estar disponible en varios idiomas. En caso de conflicto prevalece el espa\u00f1ol. Contrataci\u00f3n online: Si se ofrecen servicios online, se respetar\u00e1 la [&hellip;]<\/p>","protected":false},"author":1,"featured_media":0,"parent":0,"menu_order":0,"comment_status":"closed","ping_status":"closed","template":"","meta":{"site-sidebar-layout":"default","site-content-layout":"","ast-site-content-layout":"default","site-content-style":"default","site-sidebar-style":"default","ast-global-header-display":"","ast-banner-title-visibility":"","ast-main-header-display":"","ast-hfb-above-header-display":"","ast-hfb-below-header-display":"","ast-hfb-mobile-header-display":"","site-post-title":"","ast-breadcrumbs-content":"","ast-featured-img":"","footer-sml-layout":"","theme-transparent-header-meta":"default","adv-header-id-meta":"","stick-header-meta":"","header-above-stick-meta":"","header-main-stick-meta":"","header-below-stick-meta":"","astra-migrate-meta-layouts":"set","ast-page-background-enabled":"default","ast-page-background-meta":{"desktop":{"background-color":"","background-image":"","background-repeat":"repeat","background-position":"center center","background-size":"auto","background-attachment":"scroll","background-type":"","background-media":"","overlay-type":"","overlay-color":"","overlay-opacity":"","overlay-gradient":""},"tablet":{"background-color":"","background-image":"","background-repeat":"repeat","background-position":"center center","background-size":"auto","background-attachment":"scroll","background-type":"","background-media":"","overlay-type":"","overlay-color":"","overlay-opacity":"","overlay-gradient":""},"mobile":{"background-color":"","background-image":"","background-repeat":"repeat","background-position":"center center","background-size":"auto","background-attachment":"scroll","background-type":"","background-media":"","overlay-type":"","overlay-color":"","overlay-opacity":"","overlay-gradient":""}},"ast-content-background-meta":{"desktop":{"background-color":"var(--ast-global-color-5)","background-image":"","background-repeat":"repeat","background-position":"center center","background-size":"auto","background-attachment":"scroll","background-type":"","background-media":"","overlay-type":"","overlay-color":"","overlay-opacity":"","overlay-gradient":""},"tablet":{"background-color":"var(--ast-global-color-5)","background-image":"","background-repeat":"repeat","background-position":"center center","background-size":"auto","background-attachment":"scroll","background-type":"","background-media":"","overlay-type":"","overlay-color":"","overlay-opacity":"","overlay-gradient":""},"mobile":{"background-color":"var(--ast-global-color-5)","background-image":"","background-repeat":"repeat","background-position":"center center","background-size":"auto","background-attachment":"scroll","background-type":"","background-media":"","overlay-type":"","overlay-color":"","overlay-opacity":"","overlay-gradient":""}},"_joinchat":[],"footnotes":""},"class_list":["post-1606","page","type-page","status-publish","hentry"],"yoast_head":"<!-- This site is optimized with the Yoast SEO plugin v25.8 - https:\/\/yoast.com\/wordpress\/plugins\/seo\/ -->\n<title>Condiciones de Uso - Abogados extranjer\u00eda y nacionalidad espa\u00f1ola | Gestr\u00e1mites<\/title>\n<meta name=\"robots\" content=\"noindex, follow\" \/>\n<meta property=\"og:locale\" content=\"en_GB\" \/>\n<meta property=\"og:type\" content=\"article\" \/>\n<meta property=\"og:title\" content=\"Condiciones de Uso - Abogados extranjer\u00eda y nacionalidad espa\u00f1ola | Gestr\u00e1mites\" \/>\n<meta property=\"og:description\" content=\"Car\u00e1cter informativo: Los contenidos no sustituyen asesoramiento jur\u00eddico individual. Participaci\u00f3n en blog: Comentarios permitidos, moderados seg\u00fan normas legales. Propiedad intelectual: Contenido protegido. No se autoriza su reproducci\u00f3n sin consentimiento. Idiomas: El sitio puede estar disponible en varios idiomas. En caso de conflicto prevalece el espa\u00f1ol. Contrataci\u00f3n online: Si se ofrecen servicios online, se respetar\u00e1 la [&hellip;]\" \/>\n<meta property=\"og:url\" content=\"https:\/\/demo.gestramites.com\/en\/condiciones-de-uso\/\" \/>\n<meta property=\"og:site_name\" content=\"Abogados extranjer\u00eda y nacionalidad espa\u00f1ola | Gestr\u00e1mites\" \/>\n<meta name=\"twitter:card\" content=\"summary_large_image\" \/>\n<meta name=\"twitter:label1\" content=\"Estimated reading time\" \/>\n\t<meta name=\"twitter:data1\" content=\"1 minute\" \/>\n<script type=\"application\/ld+json\" class=\"yoast-schema-graph\">{\"@context\":\"https:\/\/schema.org\",\"@graph\":[{\"@type\":\"WebPage\",\"@id\":\"https:\/\/demo.gestramites.com\/condiciones-de-uso\/\",\"url\":\"https:\/\/demo.gestramites.com\/condiciones-de-uso\/\",\"name\":\"Condiciones de Uso - Abogados extranjer\u00eda y nacionalidad espa\u00f1ola | Gestr\u00e1mites\",\"isPartOf\":{\"@id\":\"https:\/\/demo.gestramites.com\/#website\"},\"datePublished\":\"2025-07-03T10:05:29+00:00\",\"breadcrumb\":{\"@id\":\"https:\/\/demo.gestramites.com\/condiciones-de-uso\/#breadcrumb\"},\"inLanguage\":\"en-GB\",\"potentialAction\":[{\"@type\":\"ReadAction\",\"target\":[\"https:\/\/demo.gestramites.com\/condiciones-de-uso\/\"]}]},{\"@type\":\"BreadcrumbList\",\"@id\":\"https:\/\/demo.gestramites.com\/condiciones-de-uso\/#breadcrumb\",\"itemListElement\":[{\"@type\":\"ListItem\",\"position\":1,\"name\":\"Home\",\"item\":\"https:\/\/demo.gestramites.com\/\"},{\"@type\":\"ListItem\",\"position\":2,\"name\":\"Condiciones de Uso\"}]},{\"@type\":\"WebSite\",\"@id\":\"https:\/\/demo.gestramites.com\/#website\",\"url\":\"https:\/\/demo.gestramites.com\/\",\"name\":\"Abogados extranjer\u00eda y nacionalidad espa\u00f1ola | Gestr\u00e1mites\",\"description\":\"Abogadas de extranjer\u00eda y nacionalidad (ICAM). M\u00e1s de 20 a\u00f1os regularizando inmigrantes en Espa\u00f1a. Respuesta r\u00e1pida por WhatsApp y pago seguro online.\",\"publisher\":{\"@id\":\"https:\/\/demo.gestramites.com\/#organization\"},\"potentialAction\":[{\"@type\":\"SearchAction\",\"target\":{\"@type\":\"EntryPoint\",\"urlTemplate\":\"https:\/\/demo.gestramites.com\/?s={search_term_string}\"},\"query-input\":{\"@type\":\"PropertyValueSpecification\",\"valueRequired\":true,\"valueName\":\"search_term_string\"}}],\"inLanguage\":\"en-GB\"},{\"@type\":\"Organization\",\"@id\":\"https:\/\/demo.gestramites.com\/#organization\",\"name\":\"Abogados extranjer\u00eda y nacionalidad espa\u00f1ola | Gestr\u00e1mites\",\"url\":\"https:\/\/demo.gestramites.com\/\",\"logo\":{\"@type\":\"ImageObject\",\"inLanguage\":\"en-GB\",\"@id\":\"https:\/\/demo.gestramites.com\/#\/schema\/logo\/image\/\",\"url\":\"https:\/\/demo.gestramites.com\/wp-content\/uploads\/2025\/07\/logo_standard-removebg-preview.png\",\"contentUrl\":\"https:\/\/demo.gestramites.com\/wp-content\/uploads\/2025\/07\/logo_standard-removebg-preview.png\",\"width\":257,\"height\":64,\"caption\":\"Abogados extranjer\u00eda y nacionalidad espa\u00f1ola | Gestr\u00e1mites\"},\"image\":{\"@id\":\"https:\/\/demo.gestramites.com\/#\/schema\/logo\/image\/\"}}]}<\/script>\n<!-- \/ Yoast SEO plugin. -->","yoast_head_json":{"title":"Condiciones de Uso - Abogados extranjer\u00eda y nacionalidad espa\u00f1ola | Gestr\u00e1mites","robots":{"index":"noindex","follow":"follow"},"og_locale":"en_GB","og_type":"article","og_title":"Condiciones de Uso - Abogados extranjer\u00eda y nacionalidad espa\u00f1ola | Gestr\u00e1mites","og_description":"Car\u00e1cter informativo: Los contenidos no sustituyen asesoramiento jur\u00eddico individual. Participaci\u00f3n en blog: Comentarios permitidos, moderados seg\u00fan normas legales. Propiedad intelectual: Contenido protegido. No se autoriza su reproducci\u00f3n sin consentimiento. Idiomas: El sitio puede estar disponible en varios idiomas. En caso de conflicto prevalece el espa\u00f1ol. Contrataci\u00f3n online: Si se ofrecen servicios online, se respetar\u00e1 la [&hellip;]","og_url":"https:\/\/demo.gestramites.com\/en\/condiciones-de-uso\/","og_site_name":"Abogados extranjer\u00eda y nacionalidad espa\u00f1ola | Gestr\u00e1mites","twitter_card":"summary_large_image","twitter_misc":{"Estimated reading time":"1 minute"},"schema":{"@context":"https:\/\/schema.org","@graph":[{"@type":"WebPage","@id":"https:\/\/demo.gestramites.com\/condiciones-de-uso\/","url":"https:\/\/demo.gestramites.com\/condiciones-de-uso\/","name":"Condiciones de Uso - Abogados extranjer\u00eda y nacionalidad espa\u00f1ola | Gestr\u00e1mites","isPartOf":{"@id":"https:\/\/demo.gestramites.com\/#website"},"datePublished":"2025-07-03T10:05:29+00:00","breadcrumb":{"@id":"https:\/\/demo.gestramites.com\/condiciones-de-uso\/#breadcrumb"},"inLanguage":"en-GB","potentialAction":[{"@type":"ReadAction","target":["https:\/\/demo.gestramites.com\/condiciones-de-uso\/"]}]},{"@type":"BreadcrumbList","@id":"https:\/\/demo.gestramites.com\/condiciones-de-uso\/#breadcrumb","itemListElement":[{"@type":"ListItem","position":1,"name":"Home","item":"https:\/\/demo.gestramites.com\/"},{"@type":"ListItem","position":2,"name":"Condiciones de Uso"}]},{"@type":"WebSite","@id":"https:\/\/demo.gestramites.com\/#website","url":"https:\/\/demo.gestramites.com\/","name":"Abogados extranjer\u00eda y nacionalidad espa\u00f1ola | Gestr\u00e1mites","description":"Abogadas de extranjer\u00eda y nacionalidad (ICAM). M\u00e1s de 20 a\u00f1os regularizando inmigrantes en Espa\u00f1a. Respuesta r\u00e1pida por WhatsApp y pago seguro online.","publisher":{"@id":"https:\/\/demo.gestramites.com\/#organization"},"potentialAction":[{"@type":"SearchAction","target":{"@type":"EntryPoint","urlTemplate":"https:\/\/demo.gestramites.com\/?s={search_term_string}"},"query-input":{"@type":"PropertyValueSpecification","valueRequired":true,"valueName":"search_term_string"}}],"inLanguage":"en-GB"},{"@type":"Organization","@id":"https:\/\/demo.gestramites.com\/#organization","name":"Abogados extranjer\u00eda y nacionalidad espa\u00f1ola | Gestr\u00e1mites","url":"https:\/\/demo.gestramites.com\/","logo":{"@type":"ImageObject","inLanguage":"en-GB","@id":"https:\/\/demo.gestramites.com\/#\/schema\/logo\/image\/","url":"https:\/\/demo.gestramites.com\/wp-content\/uploads\/2025\/07\/logo_standard-removebg-preview.png","contentUrl":"https:\/\/demo.gestramites.com\/wp-content\/uploads\/2025\/07\/logo_standard-removebg-preview.png","width":257,"height":64,"caption":"Abogados extranjer\u00eda y nacionalidad espa\u00f1ola | Gestr\u00e1mites"},"image":{"@id":"https:\/\/demo.gestramites.com\/#\/schema\/logo\/image\/"}}]}},"_links":{"self":[{"href":"https:\/\/demo.gestramites.com\/en\/wp-json\/wp\/v2\/pages\/1606","targetHints":{"allow":["GET"]}}],"collection":[{"href":"https:\/\/demo.gestramites.com\/en\/wp-json\/wp\/v2\/pages"}],"about":[{"href":"https:\/\/demo.gestramites.com\/en\/wp-json\/wp\/v2\/types\/page"}],"author":[{"embeddable":true,"href":"https:\/\/demo.gestramites.com\/en\/wp-json\/wp\/v2\/users\/1"}],"replies":[{"embeddable":true,"href":"https:\/\/demo.gestramites.com\/en\/wp-json\/wp\/v2\/comments?post=1606"}],"version-history":[{"count":1,"href":"https:\/\/demo.gestramites.com\/en\/wp-json\/wp\/v2\/pages\/1606\/revisions"}],"predecessor-version":[{"id":1607,"href":"https:\/\/demo.gestramites.com\/en\/wp-json\/wp\/v2\/pages\/1606\/revisions\/1607"}],"wp:attachment":[{"href":"https:\/\/demo.gestramites.com\/en\/wp-json\/wp\/v2\/media?parent=1606"}],"curies":[{"name":"wp","href":"https:\/\/api.w.org\/{rel}","templated":true}]}}