{"id":1965,"date":"2025-07-22T09:27:59","date_gmt":"2025-07-22T09:27:59","guid":{"rendered":"https:\/\/demo.gestramites.com\/?page_id=1965"},"modified":"2025-10-24T13:46:01","modified_gmt":"2025-10-24T13:46:01","slug":"pagar-online","status":"publish","type":"page","link":"https:\/\/demo.gestramites.com\/en\/pagar-online\/","title":{"rendered":"PAY ONLINE"},"content":{"rendered":"<div data-elementor-type=\"wp-post\" data-elementor-id=\"1965\" class=\"elementor elementor-1965\" data-elementor-post-type=\"page\">\n\t\t\t\t<div class=\"elementor-element elementor-element-1ea260a e-flex e-con-boxed e-con e-parent\" data-id=\"1ea260a\" data-element_type=\"container\">\n\t\t\t\t\t<div class=\"e-con-inner\">\n\t\t<div class=\"elementor-element elementor-element-53e9612 e-con-full e-flex e-con e-child\" data-id=\"53e9612\" data-element_type=\"container\">\n\t\t\t\t<div class=\"elementor-element elementor-element-7883ce0 elementor-widget elementor-widget-heading\" data-id=\"7883ce0\" data-element_type=\"widget\" data-widget_type=\"heading.default\">\n\t\t\t\t<div class=\"elementor-widget-container\">\n\t\t\t\t\t<h1 class=\"elementor-heading-title elementor-size-default\">Pay Online<\/h1>\t\t\t\t<\/div>\n\t\t\t\t<\/div>\n\t\t\t\t<div class=\"elementor-element elementor-element-c36d7b7 elementor-position-left elementor-vertical-align-middle elementor-widget__width-initial elementor-widget elementor-widget-image-box\" data-id=\"c36d7b7\" data-element_type=\"widget\" data-widget_type=\"image-box.default\">\n\t\t\t\t<div class=\"elementor-widget-container\">\n\t\t\t\t\t<div class=\"elementor-image-box-wrapper\"><figure class=\"elementor-image-box-img\"><img fetchpriority=\"high\" decoding=\"async\" width=\"512\" height=\"512\" src=\"https:\/\/demo.gestramites.com\/wp-content\/uploads\/2025\/07\/tarjeta-de-credito.png\" class=\"attachment-full size-full wp-image-1976\" alt=\"icono13\" srcset=\"https:\/\/demo.gestramites.com\/wp-content\/uploads\/2025\/07\/tarjeta-de-credito.png 512w, https:\/\/demo.gestramites.com\/wp-content\/uploads\/2025\/07\/tarjeta-de-credito-300x300.png 300w, https:\/\/demo.gestramites.com\/wp-content\/uploads\/2025\/07\/tarjeta-de-credito-150x150.png 150w, https:\/\/demo.gestramites.com\/wp-content\/uploads\/2025\/07\/tarjeta-de-credito-12x12.png 12w, https:\/\/demo.gestramites.com\/wp-content\/uploads\/2025\/07\/tarjeta-de-credito-100x100.png 100w\" sizes=\"(max-width: 512px) 100vw, 512px\" \/><\/figure><div class=\"elementor-image-box-content\"><p class=\"elementor-image-box-description\">Hire and pay for your service online<\/p><\/div><\/div>\t\t\t\t<\/div>\n\t\t\t\t<\/div>\n\t\t\t\t<div class=\"elementor-element elementor-element-18e4ffe elementor-widget elementor-widget-text-editor\" data-id=\"18e4ffe\" data-element_type=\"widget\" data-widget_type=\"text-editor.default\">\n\t\t\t\t<div class=\"elementor-widget-container\">\n\t\t\t\t\t\t\t\t\t<p><strong>Make your payment securely and start resolving your situation today.<\/strong><\/p>\t\t\t\t\t\t\t\t<\/div>\n\t\t\t\t<\/div>\n\t\t\t\t<div class=\"elementor-element elementor-element-2bf4487 elementor-widget elementor-widget-text-editor\" data-id=\"2bf4487\" data-element_type=\"widget\" data-widget_type=\"text-editor.default\">\n\t\t\t\t<div class=\"elementor-widget-container\">\n\t\t\t\t\t\t\t\t\t<p>At Gestr\u00e1mites, we offer two quick and clear services for those who want to act now:<\/p>\t\t\t\t\t\t\t\t<\/div>\n\t\t\t\t<\/div>\n\t\t\t\t<\/div>\n\t\t\t\t\t<\/div>\n\t\t\t\t<\/div>\n\t\t<div class=\"elementor-element elementor-element-763a77a e-flex e-con-boxed e-con e-parent\" data-id=\"763a77a\" data-element_type=\"container\">\n\t\t\t\t\t<div class=\"e-con-inner\">\n\t\t<div class=\"elementor-element elementor-element-ec35598 e-con-full e-flex e-con e-child\" data-id=\"ec35598\" data-element_type=\"container\" data-settings=\"{&quot;background_background&quot;:&quot;classic&quot;}\">\n\t\t\t\t<div class=\"elementor-element elementor-element-e61f6c2 elementor-widget elementor-widget-hfe-infocard\" data-id=\"e61f6c2\" data-element_type=\"widget\" data-widget_type=\"hfe-infocard.default\">\n\t\t\t\t<div class=\"elementor-widget-container\">\n\t\t\t\t\t\n\t\t<div class=\"hfe-infocard\">\n\t\t\t\t\t\t\t\t\t<div class=\"hfe-infocard-title-wrap\">\n\t\t\t\t<h3 class=\"hfe-infocard-title elementor-inline-editing\" data-elementor-setting-key=\"infocard_title\" data-elementor-inline-editing-toolbar=\"basic\" >Online legal consultation <br> 60 \u20ac<\/h3>\t\t\t<\/div>\n\t\t\t\t\t\t<div class=\"hfe-infocard-text-wrap\">\n\t\t\t\t<div class=\"hfe-infocard-text elementor-inline-editing\" data-elementor-setting-key=\"infocard_description\" data-elementor-inline-editing-toolbar=\"advanced\">\n\t\t\t\t\t<li>Up to 30 minutes of video or phone call with an expert attorney.<\/li>\n<li>Resolve your doubts and learn the steps to follow.<\/li>\t\t\t\t<\/div>\n\t\t\t\t\t\t\t<div class=\"hfe-button-wrapper elementor-widget-button\">\n\t\t\t\t<a href=\"https:\/\/demo.gestramites.com\/en\/finalizar-compra\/?add-to-cart=1960\" class=\"elementor-button-link elementor-button elementor-size-sm\">\n\t\t\t\t\t<span class=\"elementor-button-text elementor-inline-editing\"  data-elementor-setting-key=\"infocard_button_text\" data-elementor-inline-editing-toolbar=\"none\">Pay now<\/span>\n\t\t\t\t<\/a>\n\t\t\t<\/div>\n\t\t\t\t\t\t<\/div>\n\t\t<\/div>\n\n\t\t\t\t\t\t<\/div>\n\t\t\t\t<\/div>\n\t\t\t\t<\/div>\n\t\t<div class=\"elementor-element elementor-element-1095741 e-con-full e-flex e-con e-child\" data-id=\"1095741\" data-element_type=\"container\" data-settings=\"{&quot;background_background&quot;:&quot;classic&quot;}\">\n\t\t\t\t<div class=\"elementor-element elementor-element-31d6063 elementor-widget elementor-widget-hfe-infocard\" data-id=\"31d6063\" data-element_type=\"widget\" data-widget_type=\"hfe-infocard.default\">\n\t\t\t\t<div class=\"elementor-widget-container\">\n\t\t\t\t\t\n\t\t<div class=\"hfe-infocard\">\n\t\t\t\t\t\t\t\t\t<div class=\"hfe-infocard-title-wrap\">\n\t\t\t\t<h3 class=\"hfe-infocard-title elementor-inline-editing\" data-elementor-setting-key=\"infocard_title\" data-elementor-inline-editing-toolbar=\"basic\" >File \/ documentation review<br> 120 \u20ac<\/h3>\t\t\t<\/div>\n\t\t\t\t\t\t<div class=\"hfe-infocard-text-wrap\">\n\t\t\t\t<div class=\"hfe-infocard-text elementor-inline-editing\" data-elementor-setting-key=\"infocard_description\" data-elementor-inline-editing-toolbar=\"advanced\">\n\t\t\t\t\t<li>Send us your file or documents for a complete analysis.<\/li>\n<li>We will send you a written report with observations and recommendations.<\/li>\t\t\t\t<\/div>\n\t\t\t\t\t\t\t<div class=\"hfe-button-wrapper elementor-widget-button\">\n\t\t\t\t<a href=\"https:\/\/demo.gestramites.com\/en\/finalizar-compra\/?add-to-cart=1962\" class=\"elementor-button-link elementor-button elementor-size-sm\">\n\t\t\t\t\t<span class=\"elementor-button-text elementor-inline-editing\"  data-elementor-setting-key=\"infocard_button_text\" data-elementor-inline-editing-toolbar=\"none\">Pay now<\/span>\n\t\t\t\t<\/a>\n\t\t\t<\/div>\n\t\t\t\t\t\t<\/div>\n\t\t<\/div>\n\n\t\t\t\t\t\t<\/div>\n\t\t\t\t<\/div>\n\t\t\t\t<\/div>\n\t\t\t\t\t<\/div>\n\t\t\t\t<\/div>\n\t\t<div class=\"elementor-element elementor-element-c28a057 e-flex e-con-boxed e-con e-parent\" data-id=\"c28a057\" data-element_type=\"container\">\n\t\t\t\t\t<div class=\"e-con-inner\">\n\t\t<div class=\"elementor-element elementor-element-db863f4 e-con-full e-flex e-con e-child\" data-id=\"db863f4\" data-element_type=\"container\">\n\t\t\t\t<div class=\"elementor-element elementor-element-a23dfd2 elementor-position-left elementor-vertical-align-middle elementor-widget elementor-widget-image-box\" data-id=\"a23dfd2\" data-element_type=\"widget\" data-widget_type=\"image-box.default\">\n\t\t\t\t<div class=\"elementor-widget-container\">\n\t\t\t\t\t<div class=\"elementor-image-box-wrapper\"><figure class=\"elementor-image-box-img\"><img decoding=\"async\" width=\"512\" height=\"512\" src=\"https:\/\/demo.gestramites.com\/wp-content\/uploads\/2025\/07\/escala-de-justicia.png\" class=\"attachment-full size-full wp-image-1989\" alt=\"icono12\" srcset=\"https:\/\/demo.gestramites.com\/wp-content\/uploads\/2025\/07\/escala-de-justicia.png 512w, https:\/\/demo.gestramites.com\/wp-content\/uploads\/2025\/07\/escala-de-justicia-300x300.png 300w, https:\/\/demo.gestramites.com\/wp-content\/uploads\/2025\/07\/escala-de-justicia-150x150.png 150w, https:\/\/demo.gestramites.com\/wp-content\/uploads\/2025\/07\/escala-de-justicia-12x12.png 12w, https:\/\/demo.gestramites.com\/wp-content\/uploads\/2025\/07\/escala-de-justicia-100x100.png 100w\" sizes=\"(max-width: 512px) 100vw, 512px\" \/><\/figure><div class=\"elementor-image-box-content\"><p class=\"elementor-image-box-description\">After making your payment, you'll receive a confirmation email, and we'll contact you within 24 hours to get started.<\/p><\/div><\/div>\t\t\t\t<\/div>\n\t\t\t\t<\/div>\n\t\t\t\t<div class=\"elementor-element elementor-element-4eb349f elementor-widget elementor-widget-heading\" data-id=\"4eb349f\" data-element_type=\"widget\" data-widget_type=\"heading.default\">\n\t\t\t\t<div class=\"elementor-widget-container\">\n\t\t\t\t\t<h2 class=\"elementor-heading-title elementor-size-default\">Have questions? Write to us on WhatsApp: +34 676 035 990 or at soluciones@gestramites.com<\/h2>\t\t\t\t<\/div>\n\t\t\t\t<\/div>\n\t\t\t\t<\/div>\n\t\t\t\t\t<\/div>\n\t\t\t\t<\/div>\n\t\t\t\t<\/div>","protected":false},"excerpt":{"rendered":"<p>Pagar Online Contrata y paga tu servicio online Haz tu pago seguro y comienza a resolver tu situaci\u00f3n hoy mismo. En Gestr\u00e1mites te ofrecemos dos servicios r\u00e1pidos y claros para quienes quieren actuar ya: Consulta jur\u00eddica online 60 \u20ac Hasta 30 minutos de videollamada o llamada con una abogada experta. Resuelve tus dudas y conoce [&hellip;]<\/p>","protected":false},"author":1,"featured_media":0,"parent":0,"menu_order":0,"comment_status":"closed","ping_status":"closed","template":"","meta":{"site-sidebar-layout":"no-sidebar","site-content-layout":"page-builder","ast-site-content-layout":"full-width-container","site-content-style":"unboxed","site-sidebar-style":"unboxed","ast-global-header-display":"","ast-banner-title-visibility":"","ast-main-header-display":"","ast-hfb-above-header-display":"","ast-hfb-below-header-display":"","ast-hfb-mobile-header-display":"","site-post-title":"disabled","ast-breadcrumbs-content":"","ast-featured-img":"disabled","footer-sml-layout":"","theme-transparent-header-meta":"enabled","adv-header-id-meta":"","stick-header-meta":"","header-above-stick-meta":"","header-main-stick-meta":"","header-below-stick-meta":"","astra-migrate-meta-layouts":"set","ast-page-background-enabled":"default","ast-page-background-meta":{"desktop":{"background-color":"","background-image":"","background-repeat":"repeat","background-position":"center center","background-size":"auto","background-attachment":"scroll","background-type":"","background-media":"","overlay-type":"","overlay-color":"","overlay-opacity":"","overlay-gradient":""},"tablet":{"background-color":"","background-image":"","background-repeat":"repeat","background-position":"center center","background-size":"auto","background-attachment":"scroll","background-type":"","background-media":"","overlay-type":"","overlay-color":"","overlay-opacity":"","overlay-gradient":""},"mobile":{"background-color":"","background-image":"","background-repeat":"repeat","background-position":"center center","background-size":"auto","background-attachment":"scroll","background-type":"","background-media":"","overlay-type":"","overlay-color":"","overlay-opacity":"","overlay-gradient":""}},"ast-content-background-meta":{"desktop":{"background-color":"var(--ast-global-color-5)","background-image":"","background-repeat":"repeat","background-position":"center center","background-size":"auto","background-attachment":"scroll","background-type":"","background-media":"","overlay-type":"","overlay-color":"","overlay-opacity":"","overlay-gradient":""},"tablet":{"background-color":"var(--ast-global-color-5)","background-image":"","background-repeat":"repeat","background-position":"center center","background-size":"auto","background-attachment":"scroll","background-type":"","background-media":"","overlay-type":"","overlay-color":"","overlay-opacity":"","overlay-gradient":""},"mobile":{"background-color":"var(--ast-global-color-5)","background-image":"","background-repeat":"repeat","background-position":"center center","background-size":"auto","background-attachment":"scroll","background-type":"","background-media":"","overlay-type":"","overlay-color":"","overlay-opacity":"","overlay-gradient":""}},"_joinchat":[],"footnotes":""},"class_list":["post-1965","page","type-page","status-publish","hentry"],"yoast_head":"<!-- This site is optimized with the Yoast SEO plugin v25.8 - https:\/\/yoast.com\/wordpress\/plugins\/seo\/ -->\n<title>Paga tu Consulta Legal Online | Gestr\u00e1mites<\/title>\n<meta name=\"description\" content=\"Contrata tu consulta online o la revisi\u00f3n de tu expediente directamente desde aqu\u00ed. \u00a1Pago seguro con tarjeta y atenci\u00f3n en menos de 24h!\" \/>\n<meta name=\"robots\" content=\"noindex, follow, max-snippet:-1, max-image-preview:large, max-video-preview:-1\" \/>\n<meta property=\"og:locale\" content=\"en_GB\" \/>\n<meta property=\"og:type\" content=\"article\" \/>\n<meta property=\"og:title\" content=\"Paga tu Consulta Legal Online | Gestr\u00e1mites\" \/>\n<meta property=\"og:description\" content=\"Contrata tu consulta online o la revisi\u00f3n de tu expediente directamente desde aqu\u00ed. \u00a1Pago seguro con tarjeta y atenci\u00f3n en menos de 24h!\" \/>\n<meta property=\"og:url\" content=\"https:\/\/demo.gestramites.com\/en\/pagar-online\/\" \/>\n<meta property=\"og:site_name\" content=\"Abogados extranjer\u00eda y nacionalidad espa\u00f1ola | Gestr\u00e1mites\" \/>\n<meta property=\"article:modified_time\" content=\"2025-10-24T13:46:01+00:00\" \/>\n<meta property=\"og:image\" content=\"https:\/\/demo.gestramites.com\/wp-content\/uploads\/2025\/07\/tarjeta-de-credito.png\" \/>\n<meta name=\"twitter:card\" content=\"summary_large_image\" \/>\n<meta name=\"twitter:label1\" content=\"Estimated reading time\" \/>\n\t<meta name=\"twitter:data1\" content=\"1 minute\" \/>\n<script type=\"application\/ld+json\" class=\"yoast-schema-graph\">{\"@context\":\"https:\/\/schema.org\",\"@graph\":[{\"@type\":\"WebPage\",\"@id\":\"https:\/\/demo.gestramites.com\/pagar-online\/\",\"url\":\"https:\/\/demo.gestramites.com\/pagar-online\/\",\"name\":\"Paga tu Consulta Legal Online | Gestr\u00e1mites\",\"isPartOf\":{\"@id\":\"https:\/\/demo.gestramites.com\/#website\"},\"primaryImageOfPage\":{\"@id\":\"https:\/\/demo.gestramites.com\/pagar-online\/#primaryimage\"},\"image\":{\"@id\":\"https:\/\/demo.gestramites.com\/pagar-online\/#primaryimage\"},\"thumbnailUrl\":\"https:\/\/demo.gestramites.com\/wp-content\/uploads\/2025\/07\/tarjeta-de-credito.png\",\"datePublished\":\"2025-07-22T09:27:59+00:00\",\"dateModified\":\"2025-10-24T13:46:01+00:00\",\"description\":\"Contrata tu consulta online o la revisi\u00f3n de tu expediente directamente desde aqu\u00ed. \u00a1Pago seguro con tarjeta y atenci\u00f3n en menos de 24h!\",\"breadcrumb\":{\"@id\":\"https:\/\/demo.gestramites.com\/pagar-online\/#breadcrumb\"},\"inLanguage\":\"en-GB\",\"potentialAction\":[{\"@type\":\"ReadAction\",\"target\":[\"https:\/\/demo.gestramites.com\/pagar-online\/\"]}]},{\"@type\":\"ImageObject\",\"inLanguage\":\"en-GB\",\"@id\":\"https:\/\/demo.gestramites.com\/pagar-online\/#primaryimage\",\"url\":\"https:\/\/demo.gestramites.com\/wp-content\/uploads\/2025\/07\/tarjeta-de-credito.png\",\"contentUrl\":\"https:\/\/demo.gestramites.com\/wp-content\/uploads\/2025\/07\/tarjeta-de-credito.png\"},{\"@type\":\"BreadcrumbList\",\"@id\":\"https:\/\/demo.gestramites.com\/pagar-online\/#breadcrumb\",\"itemListElement\":[{\"@type\":\"ListItem\",\"position\":1,\"name\":\"Home\",\"item\":\"https:\/\/demo.gestramites.com\/\"},{\"@type\":\"ListItem\",\"position\":2,\"name\":\"Pagar online\"}]},{\"@type\":\"WebSite\",\"@id\":\"https:\/\/demo.gestramites.com\/#website\",\"url\":\"https:\/\/demo.gestramites.com\/\",\"name\":\"Abogados extranjer\u00eda y nacionalidad espa\u00f1ola | Gestr\u00e1mites\",\"description\":\"Abogadas de extranjer\u00eda y nacionalidad (ICAM). M\u00e1s de 20 a\u00f1os regularizando inmigrantes en Espa\u00f1a. Respuesta r\u00e1pida por WhatsApp y pago seguro online.\",\"publisher\":{\"@id\":\"https:\/\/demo.gestramites.com\/#organization\"},\"potentialAction\":[{\"@type\":\"SearchAction\",\"target\":{\"@type\":\"EntryPoint\",\"urlTemplate\":\"https:\/\/demo.gestramites.com\/?s={search_term_string}\"},\"query-input\":{\"@type\":\"PropertyValueSpecification\",\"valueRequired\":true,\"valueName\":\"search_term_string\"}}],\"inLanguage\":\"en-GB\"},{\"@type\":\"Organization\",\"@id\":\"https:\/\/demo.gestramites.com\/#organization\",\"name\":\"Abogados extranjer\u00eda y nacionalidad espa\u00f1ola | Gestr\u00e1mites\",\"url\":\"https:\/\/demo.gestramites.com\/\",\"logo\":{\"@type\":\"ImageObject\",\"inLanguage\":\"en-GB\",\"@id\":\"https:\/\/demo.gestramites.com\/#\/schema\/logo\/image\/\",\"url\":\"https:\/\/demo.gestramites.com\/wp-content\/uploads\/2025\/07\/logo_standard-removebg-preview.png\",\"contentUrl\":\"https:\/\/demo.gestramites.com\/wp-content\/uploads\/2025\/07\/logo_standard-removebg-preview.png\",\"width\":257,\"height\":64,\"caption\":\"Abogados extranjer\u00eda y nacionalidad espa\u00f1ola | Gestr\u00e1mites\"},\"image\":{\"@id\":\"https:\/\/demo.gestramites.com\/#\/schema\/logo\/image\/\"}}]}<\/script>\n<!-- \/ Yoast SEO plugin. -->","yoast_head_json":{"title":"Paga tu Consulta Legal Online | Gestr\u00e1mites","description":"Contrata tu consulta online o la revisi\u00f3n de tu expediente directamente desde aqu\u00ed. \u00a1Pago seguro con tarjeta y atenci\u00f3n en menos de 24h!","robots":{"index":"noindex","follow":"follow","max-snippet":"max-snippet:-1","max-image-preview":"max-image-preview:large","max-video-preview":"max-video-preview:-1"},"og_locale":"en_GB","og_type":"article","og_title":"Paga tu Consulta Legal Online | Gestr\u00e1mites","og_description":"Contrata tu consulta online o la revisi\u00f3n de tu expediente directamente desde aqu\u00ed. \u00a1Pago seguro con tarjeta y atenci\u00f3n en menos de 24h!","og_url":"https:\/\/demo.gestramites.com\/en\/pagar-online\/","og_site_name":"Abogados extranjer\u00eda y nacionalidad espa\u00f1ola | Gestr\u00e1mites","article_modified_time":"2025-10-24T13:46:01+00:00","og_image":[{"url":"https:\/\/demo.gestramites.com\/wp-content\/uploads\/2025\/07\/tarjeta-de-credito.png","type":"","width":"","height":""}],"twitter_card":"summary_large_image","twitter_misc":{"Estimated reading time":"1 minute"},"schema":{"@context":"https:\/\/schema.org","@graph":[{"@type":"WebPage","@id":"https:\/\/demo.gestramites.com\/pagar-online\/","url":"https:\/\/demo.gestramites.com\/pagar-online\/","name":"Paga tu Consulta Legal Online | Gestr\u00e1mites","isPartOf":{"@id":"https:\/\/demo.gestramites.com\/#website"},"primaryImageOfPage":{"@id":"https:\/\/demo.gestramites.com\/pagar-online\/#primaryimage"},"image":{"@id":"https:\/\/demo.gestramites.com\/pagar-online\/#primaryimage"},"thumbnailUrl":"https:\/\/demo.gestramites.com\/wp-content\/uploads\/2025\/07\/tarjeta-de-credito.png","datePublished":"2025-07-22T09:27:59+00:00","dateModified":"2025-10-24T13:46:01+00:00","description":"Contrata tu consulta online o la revisi\u00f3n de tu expediente directamente desde aqu\u00ed. \u00a1Pago seguro con tarjeta y atenci\u00f3n en menos de 24h!","breadcrumb":{"@id":"https:\/\/demo.gestramites.com\/pagar-online\/#breadcrumb"},"inLanguage":"en-GB","potentialAction":[{"@type":"ReadAction","target":["https:\/\/demo.gestramites.com\/pagar-online\/"]}]},{"@type":"ImageObject","inLanguage":"en-GB","@id":"https:\/\/demo.gestramites.com\/pagar-online\/#primaryimage","url":"https:\/\/demo.gestramites.com\/wp-content\/uploads\/2025\/07\/tarjeta-de-credito.png","contentUrl":"https:\/\/demo.gestramites.com\/wp-content\/uploads\/2025\/07\/tarjeta-de-credito.png"},{"@type":"BreadcrumbList","@id":"https:\/\/demo.gestramites.com\/pagar-online\/#breadcrumb","itemListElement":[{"@type":"ListItem","position":1,"name":"Home","item":"https:\/\/demo.gestramites.com\/"},{"@type":"ListItem","position":2,"name":"Pagar online"}]},{"@type":"WebSite","@id":"https:\/\/demo.gestramites.com\/#website","url":"https:\/\/demo.gestramites.com\/","name":"Abogados extranjer\u00eda y nacionalidad espa\u00f1ola | Gestr\u00e1mites","description":"Abogadas de extranjer\u00eda y nacionalidad (ICAM). M\u00e1s de 20 a\u00f1os regularizando inmigrantes en Espa\u00f1a. Respuesta r\u00e1pida por WhatsApp y pago seguro online.","publisher":{"@id":"https:\/\/demo.gestramites.com\/#organization"},"potentialAction":[{"@type":"SearchAction","target":{"@type":"EntryPoint","urlTemplate":"https:\/\/demo.gestramites.com\/?s={search_term_string}"},"query-input":{"@type":"PropertyValueSpecification","valueRequired":true,"valueName":"search_term_string"}}],"inLanguage":"en-GB"},{"@type":"Organization","@id":"https:\/\/demo.gestramites.com\/#organization","name":"Abogados extranjer\u00eda y nacionalidad espa\u00f1ola | Gestr\u00e1mites","url":"https:\/\/demo.gestramites.com\/","logo":{"@type":"ImageObject","inLanguage":"en-GB","@id":"https:\/\/demo.gestramites.com\/#\/schema\/logo\/image\/","url":"https:\/\/demo.gestramites.com\/wp-content\/uploads\/2025\/07\/logo_standard-removebg-preview.png","contentUrl":"https:\/\/demo.gestramites.com\/wp-content\/uploads\/2025\/07\/logo_standard-removebg-preview.png","width":257,"height":64,"caption":"Abogados extranjer\u00eda y nacionalidad espa\u00f1ola | Gestr\u00e1mites"},"image":{"@id":"https:\/\/demo.gestramites.com\/#\/schema\/logo\/image\/"}}]}},"_links":{"self":[{"href":"https:\/\/demo.gestramites.com\/en\/wp-json\/wp\/v2\/pages\/1965","targetHints":{"allow":["GET"]}}],"collection":[{"href":"https:\/\/demo.gestramites.com\/en\/wp-json\/wp\/v2\/pages"}],"about":[{"href":"https:\/\/demo.gestramites.com\/en\/wp-json\/wp\/v2\/types\/page"}],"author":[{"embeddable":true,"href":"https:\/\/demo.gestramites.com\/en\/wp-json\/wp\/v2\/users\/1"}],"replies":[{"embeddable":true,"href":"https:\/\/demo.gestramites.com\/en\/wp-json\/wp\/v2\/comments?post=1965"}],"version-history":[{"count":47,"href":"https:\/\/demo.gestramites.com\/en\/wp-json\/wp\/v2\/pages\/1965\/revisions"}],"predecessor-version":[{"id":2559,"href":"https:\/\/demo.gestramites.com\/en\/wp-json\/wp\/v2\/pages\/1965\/revisions\/2559"}],"wp:attachment":[{"href":"https:\/\/demo.gestramites.com\/en\/wp-json\/wp\/v2\/media?parent=1965"}],"curies":[{"name":"wp","href":"https:\/\/api.w.org\/{rel}","templated":true}]}}